{"id":588,"date":"2022-11-23T13:17:13","date_gmt":"2022-11-23T12:17:13","guid":{"rendered":"https:\/\/vx3801800.server2.imperialmedia.cz\/kontakty\/"},"modified":"2023-03-27T15:04:13","modified_gmt":"2023-03-27T13:04:13","slug":"contacts","status":"publish","type":"page","link":"https:\/\/www.inoxtec.cz\/en\/contacts\/","title":{"rendered":"Contacts"},"content":{"rendered":"\t\t<div data-elementor-type=\"wp-page\" data-elementor-id=\"588\" class=\"elementor elementor-588 elementor-198\" data-elementor-post-type=\"page\">\n\t\t\t\t\t\t<section class=\"elementor-section elementor-top-section elementor-element elementor-element-5a43dbec elementor-section-full_width elementor-section-height-min-height elementor-section-height-default elementor-section-items-middle\" data-id=\"5a43dbec\" data-element_type=\"section\" data-e-type=\"section\" data-settings=\"{&quot;background_background&quot;:&quot;classic&quot;,&quot;background_motion_fx_opacity_effect&quot;:&quot;yes&quot;,&quot;background_motion_fx_opacity_range&quot;:{&quot;unit&quot;:&quot;%&quot;,&quot;size&quot;:&quot;&quot;,&quot;sizes&quot;:{&quot;start&quot;:&quot;51&quot;,&quot;end&quot;:&quot;76&quot;}},&quot;background_motion_fx_motion_fx_scrolling&quot;:&quot;yes&quot;,&quot;background_motion_fx_opacity_direction&quot;:&quot;in-out&quot;,&quot;background_motion_fx_opacity_level&quot;:{&quot;unit&quot;:&quot;px&quot;,&quot;size&quot;:10,&quot;sizes&quot;:[]},&quot;background_motion_fx_devices&quot;:[&quot;desktop&quot;,&quot;tablet&quot;,&quot;mobile&quot;]}\">\n\t\t\t\t\t\t\t<div class=\"elementor-background-overlay\"><\/div>\n\t\t\t\t\t\t\t<div class=\"elementor-container elementor-column-gap-default\">\n\t\t\t\t\t<div class=\"elementor-column elementor-col-100 elementor-top-column elementor-element elementor-element-547aafc8\" data-id=\"547aafc8\" data-element_type=\"column\" data-e-type=\"column\">\n\t\t\t<div class=\"elementor-widget-wrap elementor-element-populated\">\n\t\t\t\t\t\t<div class=\"elementor-element elementor-element-f06c15c elementor-widget elementor-widget-heading\" data-id=\"f06c15c\" data-element_type=\"widget\" data-e-type=\"widget\" data-widget_type=\"heading.default\">\n\t\t\t\t<div class=\"elementor-widget-container\">\n\t\t\t\t\t<h1 class=\"elementor-heading-title elementor-size-default\">Contacts<\/h1>\t\t\t\t<\/div>\n\t\t\t\t<\/div>\n\t\t\t\t\t<\/div>\n\t\t<\/div>\n\t\t\t\t\t<\/div>\n\t\t<\/section>\n\t\t\t\t<section class=\"elementor-section elementor-top-section elementor-element elementor-element-358d48a6 elementor-section-boxed elementor-section-height-default elementor-section-height-default\" data-id=\"358d48a6\" data-element_type=\"section\" data-e-type=\"section\">\n\t\t\t\t\t\t<div class=\"elementor-container elementor-column-gap-default\">\n\t\t\t\t\t<div class=\"elementor-column elementor-col-100 elementor-top-column elementor-element elementor-element-33027bc6\" data-id=\"33027bc6\" data-element_type=\"column\" data-e-type=\"column\">\n\t\t\t<div class=\"elementor-widget-wrap elementor-element-populated\">\n\t\t\t\t\t\t<section class=\"elementor-section elementor-inner-section elementor-element elementor-element-1adaca9a elementor-section-boxed elementor-section-height-default elementor-section-height-default\" data-id=\"1adaca9a\" data-element_type=\"section\" data-e-type=\"section\">\n\t\t\t\t\t\t<div class=\"elementor-container elementor-column-gap-default\">\n\t\t\t\t\t<div class=\"elementor-column elementor-col-50 elementor-inner-column elementor-element elementor-element-6c295720\" data-id=\"6c295720\" data-element_type=\"column\" data-e-type=\"column\">\n\t\t\t<div class=\"elementor-widget-wrap elementor-element-populated\">\n\t\t\t\t\t\t<div class=\"elementor-element elementor-element-7fa347f elementor-widget elementor-widget-text-editor\" data-id=\"7fa347f\" data-element_type=\"widget\" data-e-type=\"widget\" data-widget_type=\"text-editor.default\">\n\t\t\t\t<div class=\"elementor-widget-container\">\n\t\t\t\t\t\t\t\t\t<h2>Production and sales<\/h2><h5>INOXTEC s.r.o.<\/h5><p>N\u00e1dra\u017en\u00ed 2410\/23<br \/>785 01 \u0160ternberk<br \/>Czech Republic<\/p><h5><span style=\"color: #ea9e24;\">+420 739 355 300<br \/><\/span><span style=\"color: #ea9e24;\">+420 739 355 994<\/span><\/h5><h5><span style=\"color: #ea9e24;\">inoxtec@inoxtec.cz<br \/>elbows@inoxtec.cz<\/span><\/h5><h5><span style=\"color: #ea9e24;\">www.inoxtec.cz<\/span><\/h5><p>Spole\u010dnost je zapsan\u00e1 v OR u KS v Ostrav\u011b, odd\u00edl C, vlo\u017eka 25858<\/p>\t\t\t\t\t\t\t\t<\/div>\n\t\t\t\t<\/div>\n\t\t\t\t\t<\/div>\n\t\t<\/div>\n\t\t\t\t<div class=\"elementor-column elementor-col-50 elementor-inner-column elementor-element elementor-element-c55ec08\" data-id=\"c55ec08\" data-element_type=\"column\" data-e-type=\"column\">\n\t\t\t<div class=\"elementor-widget-wrap elementor-element-populated\">\n\t\t\t\t\t\t<div class=\"elementor-element elementor-element-cbf1e54 elementor-widget elementor-widget-google_maps\" data-id=\"cbf1e54\" data-element_type=\"widget\" data-e-type=\"widget\" data-widget_type=\"google_maps.default\">\n\t\t\t\t<div class=\"elementor-widget-container\">\n\t\t\t\t\t\t\t<div class=\"elementor-custom-embed\">\n\t\t\t<iframe loading=\"lazy\"\n\t\t\t\t\tsrc=\"https:\/\/www.google.com\/maps\/embed\/v1\/place?key=AIzaSyCmHt8E4zWYS1f8yxDe2je5Sr87edkOXgo&#038;q=N%C3%A1dra%C5%BEn%C3%AD%202410%2F23%2C%20785%2001%20%C5%A0ternberk&#038;zoom=10\"\n\t\t\t\t\ttitle=\"N\u00e1dra\u017en\u00ed 2410\/23, 785 01 \u0160ternberk\"\n\t\t\t\t\taria-label=\"N\u00e1dra\u017en\u00ed 2410\/23, 785 01 \u0160ternberk\"\n\t\t\t><\/iframe>\n\t\t<\/div>\n\t\t\t\t\t\t<\/div>\n\t\t\t\t<\/div>\n\t\t\t\t\t<\/div>\n\t\t<\/div>\n\t\t\t\t\t<\/div>\n\t\t<\/section>\n\t\t\t\t\t<\/div>\n\t\t<\/div>\n\t\t\t\t\t<\/div>\n\t\t<\/section>\n\t\t\t\t<\/div>\n\t\t","protected":false},"excerpt":{"rendered":"<p>Contacts Production and sales INOXTEC s.r.o. N\u00e1dra\u017en\u00ed 2410\/23 785 01 \u0160ternberk Czech Republic +420 739 355 300 +420 739 355 994 inoxtec@inoxtec.cz elbows@inoxtec.cz www.inoxtec.cz Spole\u010dnost je zapsan\u00e1 v OR u KS v Ostrav\u011b, odd\u00edl C, vlo\u017eka 25858<\/p>\n","protected":false},"author":1,"featured_media":0,"parent":0,"menu_order":0,"comment_status":"closed","ping_status":"closed","template":"","meta":{"footnotes":""},"class_list":["post-588","page","type-page","status-publish","hentry"],"_links":{"self":[{"href":"https:\/\/www.inoxtec.cz\/en\/wp-json\/wp\/v2\/pages\/588","targetHints":{"allow":["GET"]}}],"collection":[{"href":"https:\/\/www.inoxtec.cz\/en\/wp-json\/wp\/v2\/pages"}],"about":[{"href":"https:\/\/www.inoxtec.cz\/en\/wp-json\/wp\/v2\/types\/page"}],"author":[{"embeddable":true,"href":"https:\/\/www.inoxtec.cz\/en\/wp-json\/wp\/v2\/users\/1"}],"replies":[{"embeddable":true,"href":"https:\/\/www.inoxtec.cz\/en\/wp-json\/wp\/v2\/comments?post=588"}],"version-history":[{"count":4,"href":"https:\/\/www.inoxtec.cz\/en\/wp-json\/wp\/v2\/pages\/588\/revisions"}],"predecessor-version":[{"id":599,"href":"https:\/\/www.inoxtec.cz\/en\/wp-json\/wp\/v2\/pages\/588\/revisions\/599"}],"wp:attachment":[{"href":"https:\/\/www.inoxtec.cz\/en\/wp-json\/wp\/v2\/media?parent=588"}],"curies":[{"name":"wp","href":"https:\/\/api.w.org\/{rel}","templated":true}]}}